{"id":2513,"date":"2023-04-03T10:28:06","date_gmt":"2023-04-03T08:28:06","guid":{"rendered":"https:\/\/wordpress.vecurosoft.com\/wellnez\/?page_id=2513"},"modified":"2024-10-28T22:51:49","modified_gmt":"2024-10-28T22:51:49","slug":"portfolio","status":"publish","type":"page","link":"https:\/\/emelaesthetics.al\/index.php\/portfolio\/","title":{"rendered":"Portofoli"},"content":{"rendered":"\t\t<div data-elementor-type=\"wp-page\" data-elementor-id=\"2513\" class=\"elementor elementor-2513\" data-elementor-post-type=\"page\">\n\t\t\t\t\t\t<section class=\"elementor-section elementor-top-section elementor-element elementor-element-d3fe206 elementor-section-full_width elementor-section-height-default elementor-section-height-default\" data-id=\"d3fe206\" data-element_type=\"section\">\n\t\t\t\t\t\t<div class=\"elementor-container elementor-column-gap-no\">\n\t\t\t\t\t<div class=\"elementor-column elementor-col-100 elementor-top-column elementor-element elementor-element-1aeeaeb\" data-id=\"1aeeaeb\" data-element_type=\"column\">\n\t\t\t<div class=\"elementor-widget-wrap elementor-element-populated\">\n\t\t\t\t\t\t<section class=\"elementor-section elementor-inner-section elementor-element elementor-element-a83d2fa elementor-section-full_width elementor-section-height-default elementor-section-height-default\" data-id=\"a83d2fa\" data-element_type=\"section\">\n\t\t\t\t\t\t<div class=\"elementor-container elementor-column-gap-no\">\n\t\t\t\t\t<div class=\"elementor-column elementor-col-100 elementor-inner-column elementor-element elementor-element-de0d065\" data-id=\"de0d065\" data-element_type=\"column\">\n\t\t\t<div class=\"elementor-widget-wrap elementor-element-populated\">\n\t\t\t\t\t\t<div class=\"elementor-element elementor-element-7562bd7 elementor-widget elementor-widget-wellnezprojectfilter\" data-id=\"7562bd7\" data-element_type=\"widget\" data-widget_type=\"wellnezprojectfilter.default\">\n\t\t\t\t<div class=\"elementor-widget-container\">\n\t\t\t\t\t\t<section class=\"outer-wrap1\">\r\n\t\t\t\t<div class=\"container-xxl px-0 portfolio-filter-container\"> \r\n\t\t\t\t\t<div class=\"row  gy-gx filter-active\">\r\n\t\t\t\t\t\t\t\t\t\t\t\t\t<div class=\"col-md-6 col-xxl-auto filter-item\">\r\n\t\t\t\t\t\t\t\t<div class=\"gallery-style1\">\r\n\t\t\t\t\t\t\t\t\t\t\t\t\t\t\t\t\t\t\t<div class=\"gallery-img\">\r\n\t\t\t\t\t\t\t\t\t\t\t<img decoding=\"async\" src=\"https:\/\/emelaesthetics.al\/wp-content\/uploads\/2024\/10\/emel_aesthetics_1705353063_3281061760130715990_5925531166-e1730155377919.jpg\" alt=\"Gallery Image\"  class=\"w-100\" \/>\t\t\t\t\t\t\t\t\t\t<\/div>\r\n\t\t\t\t\t\t\t\t\t\r\n\t\t\t\t\t\t\t\t<div class=\"gallery-shape\" data-overlay=\"white\" data-opacity=\"9\"><\/div>\r\n\t\t\t\t\t\t\t\t<div class=\"gallery-content\">\r\n\r\n\t\t\t\t\t\t\t\t\t\t\t\t\t\t\t\t\t\t\t\t\t<a href=\"https:\/\/emelaesthetics.al\/wp-content\/uploads\/2024\/10\/emel_aesthetics_1705353063_3281061760130715990_5925531166-e1730155377919.jpg\" class=\"gallery-btn popup-image\">\r\n\t\t\t\t\t\t\t\t\t\t\t\t<i class=\"fal fa-plus\"><\/i>\r\n\t\t\t\t\t\t\t\t\t\t\t<\/a>\r\n\t\t\t\t\t\t\t\t\t\t\r\n\t\t\t\t\t\t\t\t\t\t\t\t\t\t\t\t\t\t\t\t\t<h3 class=\"gallery-title\">\r\n\t\t\t\t\t\t\t\t\t\t\t\t<a href=\"\" class=\"text-inherit\">\r\n\t\t\t\t\t\t\t\t\t\t\t\t\tT\u00eb gjith\u00eb e dashurojn\u00eb Trajtimin me Dermapen 4\t\t\t\t\t\t\t\t\t\t\t\t<\/a>\r\n\t\t\t\t\t\t\t\t\t\t\t<\/h3>\r\n\t\t\t\t\t\t\t\t\t\t\t\t\t\t\t\t\t\t\t\t\t\t\t\t\t\t\t\t\t<\/div>\r\n\t\t\t\t\t\t\t\t<\/div>\r\n\t\t\t\t\t\t\t<\/div>\r\n\t\t\t\t\t\t\t\t\t\t\t\t\t<div class=\"col-md-6 col-xxl-auto filter-item\">\r\n\t\t\t\t\t\t\t\t<div class=\"gallery-style1\">\r\n\t\t\t\t\t\t\t\t\t\t\t\t\t\t\t\t\t\t\t<div class=\"gallery-img\">\r\n\t\t\t\t\t\t\t\t\t\t\t<img decoding=\"async\" src=\"https:\/\/emelaesthetics.al\/wp-content\/uploads\/2024\/10\/emel_aesthetics_1695887884_3201663124036032661_5925531166-e1730155446576.jpg\" alt=\"Gallery Image\"  class=\"w-100\" \/>\t\t\t\t\t\t\t\t\t\t<\/div>\r\n\t\t\t\t\t\t\t\t\t\r\n\t\t\t\t\t\t\t\t<div class=\"gallery-shape\" data-overlay=\"white\" data-opacity=\"9\"><\/div>\r\n\t\t\t\t\t\t\t\t<div class=\"gallery-content\">\r\n\r\n\t\t\t\t\t\t\t\t\t\t\t\t\t\t\t\t\t\t\t\t\t<a href=\"https:\/\/emelaesthetics.al\/wp-content\/uploads\/2024\/10\/emel_aesthetics_1695887884_3201663124036032661_5925531166-e1730155446576.jpg\" class=\"gallery-btn popup-image\">\r\n\t\t\t\t\t\t\t\t\t\t\t\t<i class=\"fal fa-plus\"><\/i>\r\n\t\t\t\t\t\t\t\t\t\t\t<\/a>\r\n\t\t\t\t\t\t\t\t\t\t\r\n\t\t\t\t\t\t\t\t\t\t\t\t\t\t\t\t\t\t\t\t\t<h3 class=\"gallery-title\">\r\n\t\t\t\t\t\t\t\t\t\t\t\t<a href=\"\" class=\"text-inherit\">\r\n\t\t\t\t\t\t\t\t\t\t\t\t\tPas nj\u00eb trajtimi me lazer , \u00ebsht\u00eb e r\u00ebnd\u00ebsishme t\u00eb kujdeseni p\u00ebr l\u00ebkur\u00ebn tuaj p\u00ebr t\u00eb minimizuar efektet an\u00ebsore dhe p\u00ebr t\u00eb siguruar nj\u00eb rezultat sa m\u00eb t\u00eb mir\u00eb. \t\t\t\t\t\t\t\t\t\t\t\t<\/a>\r\n\t\t\t\t\t\t\t\t\t\t\t<\/h3>\r\n\t\t\t\t\t\t\t\t\t\t\t\t\t\t\t\t\t\t\t\t\t\t\t\t\t\t\t\t\t<\/div>\r\n\t\t\t\t\t\t\t\t<\/div>\r\n\t\t\t\t\t\t\t<\/div>\r\n\t\t\t\t\t\t\t\t\t\t\t\t\t<div class=\"col-md-6 col-xxl-auto filter-item\">\r\n\t\t\t\t\t\t\t\t<div class=\"gallery-style1\">\r\n\t\t\t\t\t\t\t\t\t\t\t\t\t\t\t\t\t\t\t<div class=\"gallery-img\">\r\n\t\t\t\t\t\t\t\t\t\t\t<img decoding=\"async\" src=\"https:\/\/emelaesthetics.al\/wp-content\/uploads\/2024\/10\/emel_aesthetics_1700845199_3243247060504571945_5925531166-e1730155495986.jpg\" alt=\"Gallery Image\"  class=\"w-100\" \/>\t\t\t\t\t\t\t\t\t\t<\/div>\r\n\t\t\t\t\t\t\t\t\t\r\n\t\t\t\t\t\t\t\t<div class=\"gallery-shape\" data-overlay=\"white\" data-opacity=\"9\"><\/div>\r\n\t\t\t\t\t\t\t\t<div class=\"gallery-content\">\r\n\r\n\t\t\t\t\t\t\t\t\t\t\t\t\t\t\t\t\t\t\t\t\t<a href=\"https:\/\/emelaesthetics.al\/wp-content\/uploads\/2024\/10\/emel_aesthetics_1700845199_3243247060504571945_5925531166-e1730155495986.jpg\" class=\"gallery-btn popup-image\">\r\n\t\t\t\t\t\t\t\t\t\t\t\t<i class=\"fal fa-plus\"><\/i>\r\n\t\t\t\t\t\t\t\t\t\t\t<\/a>\r\n\t\t\t\t\t\t\t\t\t\t\r\n\t\t\t\t\t\t\t\t\t\t\t\t\t\t\t\t\t\t\t\t\t<h3 class=\"gallery-title\">\r\n\t\t\t\t\t\t\t\t\t\t\t\t<a href=\"\" class=\"text-inherit\">\r\n\t\t\t\t\t\t\t\t\t\t\t\t\tDermapen 4 \u00ebsht\u00eb nj\u00eb pajisje inovative p\u00ebr trajtimin e l\u00ebkur\u00ebs me mikro-needling,\t\t\t\t\t\t\t\t\t\t\t\t<\/a>\r\n\t\t\t\t\t\t\t\t\t\t\t<\/h3>\r\n\t\t\t\t\t\t\t\t\t\t\t\t\t\t\t\t\t\t\t\t\t\t\t\t\t\t\t\t\t<\/div>\r\n\t\t\t\t\t\t\t\t<\/div>\r\n\t\t\t\t\t\t\t<\/div>\r\n\t\t\t\t\t\t\t\t\t\t\t\t\t<div class=\"col-md-6 col-xxl-auto filter-item\">\r\n\t\t\t\t\t\t\t\t<div class=\"gallery-style1\">\r\n\t\t\t\t\t\t\t\t\t\t\t\t\t\t\t\t\t\t\t<div class=\"gallery-img\">\r\n\t\t\t\t\t\t\t\t\t\t\t<img decoding=\"async\" src=\"https:\/\/emelaesthetics.al\/wp-content\/uploads\/2024\/10\/emel_aesthetics_1701809107_3251332908852835752_5925531166-e1730155531762.jpg\" alt=\"Gallery Image\"  class=\"w-100\" \/>\t\t\t\t\t\t\t\t\t\t<\/div>\r\n\t\t\t\t\t\t\t\t\t\r\n\t\t\t\t\t\t\t\t<div class=\"gallery-shape\" data-overlay=\"white\" data-opacity=\"9\"><\/div>\r\n\t\t\t\t\t\t\t\t<div class=\"gallery-content\">\r\n\r\n\t\t\t\t\t\t\t\t\t\t\t\t\t\t\t\t\t\t\t\t\t<a href=\"https:\/\/emelaesthetics.al\/wp-content\/uploads\/2024\/10\/emel_aesthetics_1701809107_3251332908852835752_5925531166-e1730155531762.jpg\" class=\"gallery-btn popup-image\">\r\n\t\t\t\t\t\t\t\t\t\t\t\t<i class=\"fal fa-plus\"><\/i>\r\n\t\t\t\t\t\t\t\t\t\t\t<\/a>\r\n\t\t\t\t\t\t\t\t\t\t\r\n\t\t\t\t\t\t\t\t\t\t\t\t\t\t\t\t\t\t\t\t\t<h3 class=\"gallery-title\">\r\n\t\t\t\t\t\t\t\t\t\t\t\t<a href=\"\" class=\"text-inherit\">\r\n\t\t\t\t\t\t\t\t\t\t\t\t\tYJET ZGJEDHIN ALEKSANDRIT AGAIN NGA DEKA\u2728\t\t\t\t\t\t\t\t\t\t\t\t<\/a>\r\n\t\t\t\t\t\t\t\t\t\t\t<\/h3>\r\n\t\t\t\t\t\t\t\t\t\t\t\t\t\t\t\t\t\t\t\t\t\t\t\t\t\t\t\t\t<\/div>\r\n\t\t\t\t\t\t\t\t<\/div>\r\n\t\t\t\t\t\t\t<\/div>\r\n\t\t\t\t\t\t\t\t\t\t\t\t\t<div class=\"col-md-6 col-xxl-auto filter-item\">\r\n\t\t\t\t\t\t\t\t<div class=\"gallery-style1\">\r\n\t\t\t\t\t\t\t\t\t\t\t\t\t\t\t\t\t\t\t<div class=\"gallery-img\">\r\n\t\t\t\t\t\t\t\t\t\t\t<img decoding=\"async\" src=\"https:\/\/emelaesthetics.al\/wp-content\/uploads\/2024\/10\/emel_aesthetics_1703187529_3262895948941256526_5925531166-e1730155572498.jpg\" alt=\"Gallery Image\"  class=\"w-100\" \/>\t\t\t\t\t\t\t\t\t\t<\/div>\r\n\t\t\t\t\t\t\t\t\t\r\n\t\t\t\t\t\t\t\t<div class=\"gallery-shape\" data-overlay=\"white\" data-opacity=\"9\"><\/div>\r\n\t\t\t\t\t\t\t\t<div class=\"gallery-content\">\r\n\r\n\t\t\t\t\t\t\t\t\t\t\t\t\t\t\t\t\t\t\t\t\t<a href=\"https:\/\/emelaesthetics.al\/wp-content\/uploads\/2024\/10\/emel_aesthetics_1703187529_3262895948941256526_5925531166-e1730155572498.jpg\" class=\"gallery-btn popup-image\">\r\n\t\t\t\t\t\t\t\t\t\t\t\t<i class=\"fal fa-plus\"><\/i>\r\n\t\t\t\t\t\t\t\t\t\t\t<\/a>\r\n\t\t\t\t\t\t\t\t\t\t\r\n\t\t\t\t\t\t\t\t\t\t\t\t\t\t\t\t\t\t\t\t\t<h3 class=\"gallery-title\">\r\n\t\t\t\t\t\t\t\t\t\t\t\t<a href=\"\" class=\"text-inherit\">\r\n\t\t\t\t\t\t\t\t\t\t\t\t\tFirming Peptide Mask nga Circadia\nKjo mask\u00eb kombinon peptide dhe antioksidant\u00eb q\u00eb nxisin rinovimin qelizor n\u00eb l\u00ebkur\u00eb.\t\t\t\t\t\t\t\t\t\t\t\t<\/a>\r\n\t\t\t\t\t\t\t\t\t\t\t<\/h3>\r\n\t\t\t\t\t\t\t\t\t\t\t\t\t\t\t\t\t\t\t\t\t\t\t\t\t\t\t\t\t\t\t<span class=\"gallery-tag\">Expert<\/span>\r\n\t\t\t\t\t\t\t\t\t\t\t\t\t\t\t\t\t\t\t<\/div>\r\n\t\t\t\t\t\t\t\t<\/div>\r\n\t\t\t\t\t\t\t<\/div>\r\n\t\t\t\t\t\t\t\t\t\t\t\t\t<div class=\"col-md-6 col-xxl-auto filter-item\">\r\n\t\t\t\t\t\t\t\t<div class=\"gallery-style1\">\r\n\t\t\t\t\t\t\t\t\t\t\t\t\t\t\t\t\t\t\t<div class=\"gallery-img\">\r\n\t\t\t\t\t\t\t\t\t\t\t<img decoding=\"async\" src=\"https:\/\/emelaesthetics.al\/wp-content\/uploads\/2024\/10\/emel_aesthetics_1656759227_2873427124288870788_5925531166-e1730155650282.jpg\" alt=\"Gallery Image\"  class=\"w-100\" \/>\t\t\t\t\t\t\t\t\t\t<\/div>\r\n\t\t\t\t\t\t\t\t\t\r\n\t\t\t\t\t\t\t\t<div class=\"gallery-shape\" data-overlay=\"white\" data-opacity=\"9\"><\/div>\r\n\t\t\t\t\t\t\t\t<div class=\"gallery-content\">\r\n\r\n\t\t\t\t\t\t\t\t\t\t\t\t\t\t\t\t\t\t\t\t\t<a href=\"https:\/\/emelaesthetics.al\/wp-content\/uploads\/2024\/10\/emel_aesthetics_1656759227_2873427124288870788_5925531166-e1730155650282.jpg\" class=\"gallery-btn popup-image\">\r\n\t\t\t\t\t\t\t\t\t\t\t\t<i class=\"fal fa-plus\"><\/i>\r\n\t\t\t\t\t\t\t\t\t\t\t<\/a>\r\n\t\t\t\t\t\t\t\t\t\t\r\n\t\t\t\t\t\t\t\t\t\t\t\t\t\t\t\t\t\t\t\t\t<h3 class=\"gallery-title\">\r\n\t\t\t\t\t\t\t\t\t\t\t\t<a href=\"\" class=\"text-inherit\">\r\n\t\t\t\t\t\t\t\t\t\t\t\t\t\u2728Pas manicure dhe pedicure eshte koha per nje trajtim fytyre \ud83e\uddd6\u200d\u2640\ufe0f\t\t\t\t\t\t\t\t\t\t\t\t<\/a>\r\n\t\t\t\t\t\t\t\t\t\t\t<\/h3>\r\n\t\t\t\t\t\t\t\t\t\t\t\t\t\t\t\t\t\t\t\t\t\t\t\t\t\t\t\t\t<\/div>\r\n\t\t\t\t\t\t\t\t<\/div>\r\n\t\t\t\t\t\t\t<\/div>\r\n\t\t\t\t\t\t\t\t\t\t\t\t\t<div class=\"col-md-6 col-xxl-auto filter-item\">\r\n\t\t\t\t\t\t\t\t<div class=\"gallery-style1\">\r\n\t\t\t\t\t\t\t\t\t\t\t\t\t\t\t\t\t\t\t<div class=\"gallery-img\">\r\n\t\t\t\t\t\t\t\t\t\t\t<img decoding=\"async\" src=\"https:\/\/emelaesthetics.al\/wp-content\/uploads\/2024\/10\/emel_aesthetics_1657717170_2881462931595619888_5925531166-e1730155838184.jpg\" alt=\"Gallery Image\"  class=\"w-100\" \/>\t\t\t\t\t\t\t\t\t\t<\/div>\r\n\t\t\t\t\t\t\t\t\t\r\n\t\t\t\t\t\t\t\t<div class=\"gallery-shape\" data-overlay=\"white\" data-opacity=\"9\"><\/div>\r\n\t\t\t\t\t\t\t\t<div class=\"gallery-content\">\r\n\r\n\t\t\t\t\t\t\t\t\t\t\t\t\t\t\t\t\t\t\t\t\t<a href=\"https:\/\/emelaesthetics.al\/wp-content\/uploads\/2024\/10\/emel_aesthetics_1657717170_2881462931595619888_5925531166-e1730155838184.jpg\" class=\"gallery-btn popup-image\">\r\n\t\t\t\t\t\t\t\t\t\t\t\t<i class=\"fal fa-plus\"><\/i>\r\n\t\t\t\t\t\t\t\t\t\t\t<\/a>\r\n\t\t\t\t\t\t\t\t\t\t\r\n\t\t\t\t\t\t\t\t\t\t\t\t\t\t\t\t\t\t\t\t\t<h3 class=\"gallery-title\">\r\n\t\t\t\t\t\t\t\t\t\t\t\t<a href=\"\" class=\"text-inherit\">\r\n\t\t\t\t\t\t\t\t\t\t\t\t\t\u2618\ufe0f\t\t\t\t\t\t\t\t\t\t\t\t<\/a>\r\n\t\t\t\t\t\t\t\t\t\t\t<\/h3>\r\n\t\t\t\t\t\t\t\t\t\t\t\t\t\t\t\t\t\t\t\t\t\t\t\t\t\t\t\t\t<\/div>\r\n\t\t\t\t\t\t\t\t<\/div>\r\n\t\t\t\t\t\t\t<\/div>\r\n\t\t\t\t\t\t\t\t\t\t\t\t\t<div class=\"col-md-6 col-xxl-auto filter-item\">\r\n\t\t\t\t\t\t\t\t<div class=\"gallery-style1\">\r\n\t\t\t\t\t\t\t\t\t\t\t\t\t\t\t\t\t\t\t<div class=\"gallery-img\">\r\n\t\t\t\t\t\t\t\t\t\t\t<img decoding=\"async\" src=\"https:\/\/emelaesthetics.al\/wp-content\/uploads\/2024\/10\/emel_aesthetics_1657717170_2881462931595613331_5925531166-e1730155713170.jpg\" alt=\"Gallery Image\"  class=\"w-100\" \/>\t\t\t\t\t\t\t\t\t\t<\/div>\r\n\t\t\t\t\t\t\t\t\t\r\n\t\t\t\t\t\t\t\t<div class=\"gallery-shape\" data-overlay=\"white\" data-opacity=\"9\"><\/div>\r\n\t\t\t\t\t\t\t\t<div class=\"gallery-content\">\r\n\r\n\t\t\t\t\t\t\t\t\t\t\t\t\t\t\t\t\t\t\t\t\t<a href=\"https:\/\/emelaesthetics.al\/wp-content\/uploads\/2024\/10\/emel_aesthetics_1657717170_2881462931595613331_5925531166-e1730155713170.jpg\" class=\"gallery-btn popup-image\">\r\n\t\t\t\t\t\t\t\t\t\t\t\t<i class=\"fal fa-plus\"><\/i>\r\n\t\t\t\t\t\t\t\t\t\t\t<\/a>\r\n\t\t\t\t\t\t\t\t\t\t\r\n\t\t\t\t\t\t\t\t\t\t\t\t\t\t\t\t\t\t\t\t\t<h3 class=\"gallery-title\">\r\n\t\t\t\t\t\t\t\t\t\t\t\t<a href=\"\" class=\"text-inherit\">\r\n\t\t\t\t\t\t\t\t\t\t\t\t\t\u2728Me produktet e duhura gjithmone arrihen rezultatet me te mira \ud83c\udf3f\t\t\t\t\t\t\t\t\t\t\t\t<\/a>\r\n\t\t\t\t\t\t\t\t\t\t\t<\/h3>\r\n\t\t\t\t\t\t\t\t\t\t\t\t\t\t\t\t\t\t\t\t\t\t\t\t\t\t\t\t\t<\/div>\r\n\t\t\t\t\t\t\t\t<\/div>\r\n\t\t\t\t\t\t\t<\/div>\r\n\t\t\t\t\t\t\t\t\t\t\t<\/div>\r\n\t\t\t\t<\/div>\r\n\t\t\t<\/section>\r\n\t\t\t\t<\/div>\n\t\t\t\t<\/div>\n\t\t\t\t\t<\/div>\n\t\t<\/div>\n\t\t\t\t\t<\/div>\n\t\t<\/section>\n\t\t\t\t\t<\/div>\n\t\t<\/div>\n\t\t\t\t\t<\/div>\n\t\t<\/section>\n\t\t\t\t<\/div>\n\t\t","protected":false},"excerpt":{"rendered":"<p>T\u00eb gjith\u00eb e dashurojn\u00eb Trajtimin me Dermapen 4 Pas nj\u00eb trajtimi me lazer , \u00ebsht\u00eb e r\u00ebnd\u00ebsishme t\u00eb kujdeseni p\u00ebr l\u00ebkur\u00ebn tuaj p\u00ebr t\u00eb minimizuar efektet an\u00ebsore dhe p\u00ebr t\u00eb siguruar nj\u00eb rezultat sa m\u00eb t\u00eb mir\u00eb. Dermapen 4 \u00ebsht\u00eb nj\u00eb pajisje inovative p\u00ebr trajtimin e l\u00ebkur\u00ebs me mikro-needling, YJET ZGJEDHIN ALEKSANDRIT AGAIN NGA DEKA\u2728&#8230;<\/p>\n","protected":false},"author":1,"featured_media":0,"parent":0,"menu_order":0,"comment_status":"closed","ping_status":"closed","template":"elementor_header_footer","meta":{"footnotes":""},"class_list":["post-2513","page","type-page","status-publish","hentry"],"_links":{"self":[{"href":"https:\/\/emelaesthetics.al\/index.php\/wp-json\/wp\/v2\/pages\/2513","targetHints":{"allow":["GET"]}}],"collection":[{"href":"https:\/\/emelaesthetics.al\/index.php\/wp-json\/wp\/v2\/pages"}],"about":[{"href":"https:\/\/emelaesthetics.al\/index.php\/wp-json\/wp\/v2\/types\/page"}],"author":[{"embeddable":true,"href":"https:\/\/emelaesthetics.al\/index.php\/wp-json\/wp\/v2\/users\/1"}],"replies":[{"embeddable":true,"href":"https:\/\/emelaesthetics.al\/index.php\/wp-json\/wp\/v2\/comments?post=2513"}],"version-history":[{"count":7,"href":"https:\/\/emelaesthetics.al\/index.php\/wp-json\/wp\/v2\/pages\/2513\/revisions"}],"predecessor-version":[{"id":6009,"href":"https:\/\/emelaesthetics.al\/index.php\/wp-json\/wp\/v2\/pages\/2513\/revisions\/6009"}],"wp:attachment":[{"href":"https:\/\/emelaesthetics.al\/index.php\/wp-json\/wp\/v2\/media?parent=2513"}],"curies":[{"name":"wp","href":"https:\/\/api.w.org\/{rel}","templated":true}]}}