{"id":93,"date":"2023-03-16T11:14:31","date_gmt":"2023-03-16T10:14:31","guid":{"rendered":"https:\/\/wordpress.vecurosoft.com\/wellnez\/?page_id=93"},"modified":"2024-10-28T21:33:42","modified_gmt":"2024-10-28T21:33:42","slug":"about","status":"publish","type":"page","link":"https:\/\/emelaesthetics.al\/index.php\/about\/","title":{"rendered":"Rreth Nesh"},"content":{"rendered":"\t\t<div data-elementor-type=\"wp-page\" data-elementor-id=\"93\" class=\"elementor elementor-93\" data-elementor-post-type=\"page\">\n\t\t\t\t\t\t<section class=\"elementor-section elementor-top-section elementor-element elementor-element-7c66d4f elementor-section-full_width elementor-section-stretched elementor-section-height-default elementor-section-height-default\" data-id=\"7c66d4f\" data-element_type=\"section\" data-settings=\"{&quot;stretch_section&quot;:&quot;section-stretched&quot;}\">\n\t\t\t\t\t\t<div class=\"elementor-container elementor-column-gap-no\">\n\t\t\t\t\t<div class=\"elementor-column elementor-col-100 elementor-top-column elementor-element elementor-element-2b82df9\" data-id=\"2b82df9\" data-element_type=\"column\">\n\t\t\t<div class=\"elementor-widget-wrap elementor-element-populated\">\n\t\t\t\t\t\t<section class=\"elementor-section elementor-inner-section elementor-element elementor-element-41a5b9d elementor-section-boxed elementor-section-height-default elementor-section-height-default\" data-id=\"41a5b9d\" data-element_type=\"section\">\n\t\t\t\t\t\t<div class=\"elementor-container elementor-column-gap-no\">\n\t\t\t\t\t<div class=\"elementor-column elementor-col-50 elementor-inner-column elementor-element elementor-element-a42710e\" data-id=\"a42710e\" data-element_type=\"column\">\n\t\t\t<div class=\"elementor-widget-wrap elementor-element-populated\">\n\t\t\t\t\t\t<div class=\"elementor-element elementor-element-aa4a2d8 elementor-widget__width-auto elementor-widget elementor-widget-wellnezsectiontitle\" data-id=\"aa4a2d8\" data-element_type=\"widget\" data-widget_type=\"wellnezsectiontitle.default\">\n\t\t\t\t<div class=\"elementor-widget-container\">\n\t\t\t<!-- Section Title --><div class=\"title-area\" ><span class=\"sec-subtitle\">WELCOME<\/span><h2 class=\"sec-title3 title-selector h1\">Mir\u00eb se vini n\u00eb Emel Aesthetics, ku kombinojm\u00eb teknologjin\u00eb m\u00eb t\u00eb avancuar me ekspertiz\u00ebn e stafit ton\u00eb t\u00eb certifikuar mjek\u00ebsor p\u00ebr t\u2019ju ofruar standardet m\u00eb t\u00eb larta n\u00eb trajtimet e bukuris\u00eb dhe kujdesin e l\u00ebkur\u00ebs. <\/h2><\/div><!-- End Section Title -->\t\t<\/div>\n\t\t\t\t<\/div>\n\t\t\t\t\t<\/div>\n\t\t<\/div>\n\t\t\t\t<div class=\"elementor-column elementor-col-50 elementor-inner-column elementor-element elementor-element-4dcd82e\" data-id=\"4dcd82e\" data-element_type=\"column\">\n\t\t\t<div class=\"elementor-widget-wrap elementor-element-populated\">\n\t\t\t\t\t\t<div class=\"elementor-element elementor-element-abbd2ed elementor-widget__width-auto elementor-widget elementor-widget-wellnezbutton\" data-id=\"abbd2ed\" data-element_type=\"widget\" data-widget_type=\"wellnezbutton.default\">\n\t\t\t\t<div class=\"elementor-widget-container\">\n\t\t\t<!-- Button --><div class=\"circle-btn style2 btn-wrapper d-inline-flex\"><a href=\"https:\/\/wordpress.vecurosoft.com\/wellnez\/service\/\" class=\"btn-icon\"><i class=\"far fa-arrow-right\"><\/i><\/a><div class=\"btn-text\"><svg viewBox=\"0 0 150 150\"><path id=\"textPathButton\" d=\"M 0,75 a 75,75 0 1,1 0,1 z\"><\/path><text><textPath href=\"#textPathButton\">to check our wellnez top rated services<\/textPath><\/text><\/svg><\/div><\/div>\t\t<\/div>\n\t\t\t\t<\/div>\n\t\t\t\t\t<\/div>\n\t\t<\/div>\n\t\t\t\t\t<\/div>\n\t\t<\/section>\n\t\t\t\t<section class=\"elementor-section elementor-inner-section elementor-element elementor-element-0d3503a elementor-section-boxed elementor-section-height-default elementor-section-height-default\" data-id=\"0d3503a\" data-element_type=\"section\">\n\t\t\t\t\t\t<div class=\"elementor-container elementor-column-gap-no\">\n\t\t\t\t\t<div class=\"elementor-column elementor-col-100 elementor-inner-column elementor-element elementor-element-916ec5b\" data-id=\"916ec5b\" data-element_type=\"column\">\n\t\t\t<div class=\"elementor-widget-wrap elementor-element-populated\">\n\t\t\t\t\t\t<div class=\"elementor-element elementor-element-2686f3a elementor-widget elementor-widget-image-carousel\" data-id=\"2686f3a\" data-element_type=\"widget\" data-settings=\"{&quot;slides_to_show&quot;:&quot;1&quot;,&quot;navigation&quot;:&quot;none&quot;,&quot;effect&quot;:&quot;fade&quot;,&quot;autoplay&quot;:&quot;yes&quot;,&quot;pause_on_hover&quot;:&quot;yes&quot;,&quot;pause_on_interaction&quot;:&quot;yes&quot;,&quot;autoplay_speed&quot;:5000,&quot;infinite&quot;:&quot;yes&quot;,&quot;speed&quot;:500}\" data-widget_type=\"image-carousel.default\">\n\t\t\t\t<div class=\"elementor-widget-container\">\n\t\t\t\t\t<div class=\"elementor-image-carousel-wrapper swiper\" dir=\"ltr\">\n\t\t\t<div class=\"elementor-image-carousel swiper-wrapper swiper-image-stretch\" aria-live=\"off\">\n\t\t\t\t\t\t\t\t<div class=\"swiper-slide\" role=\"group\" aria-roledescription=\"slide\" aria-label=\"1 of 2\"><figure class=\"swiper-slide-inner\"><img decoding=\"async\" class=\"swiper-slide-image\" src=\"http:\/\/emelaesthetics.al\/wp-content\/uploads\/2024\/10\/WhatsApp-Image-2024-10-09-at-17.09.46.jpeg\" alt=\"\" \/><\/figure><\/div><div class=\"swiper-slide\" role=\"group\" aria-roledescription=\"slide\" aria-label=\"2 of 2\"><figure class=\"swiper-slide-inner\"><img decoding=\"async\" class=\"swiper-slide-image\" src=\"http:\/\/emelaesthetics.al\/wp-content\/uploads\/2023\/03\/ab-4-1.jpg\" alt=\"\" \/><\/figure><\/div>\t\t\t<\/div>\n\t\t\t\t\t\t\t\n\t\t\t\t\t\t\t\t\t<\/div>\n\t\t\t\t<\/div>\n\t\t\t\t<\/div>\n\t\t\t\t<div class=\"elementor-element elementor-element-5186d82 elementor-widget elementor-widget-text-editor\" data-id=\"5186d82\" data-element_type=\"widget\" data-widget_type=\"text-editor.default\">\n\t\t\t\t<div class=\"elementor-widget-container\">\n\t\t\t\t\t\t\t<p>Ne jemi t\u00eb p\u00ebrkushtuar t&#8217;ju ofrojm\u00eb sh\u00ebrbim t\u00eb jasht\u00ebzakonsh\u00ebm, duke p\u00ebrdorur inovacionet m\u00eb t\u00eb fundit n\u00eb epilimin me lazer, trajtimet rinovuese t\u00eb l\u00ebkur\u00ebs dhe anti-plakje.<\/p>\t\t\t\t\t\t<\/div>\n\t\t\t\t<\/div>\n\t\t\t\t<div class=\"elementor-element elementor-element-8923ed2 elementor-widget elementor-widget-text-editor\" data-id=\"8923ed2\" data-element_type=\"widget\" data-widget_type=\"text-editor.default\">\n\t\t\t\t<div class=\"elementor-widget-container\">\n\t\t\t\t\t\t\t<div class=\"flex-shrink-0 flex flex-col relative items-end\"><div><div class=\"pt-0\"><div class=\"gizmo-bot-avatar flex h-8 w-8 items-center justify-center overflow-hidden rounded-full\">\u00a0<\/div><\/div><\/div><\/div><div class=\"group\/conversation-turn relative flex w-full min-w-0 flex-col agent-turn\"><div class=\"flex-col gap-1 md:gap-3\"><div class=\"flex max-w-full flex-col flex-grow\"><div class=\"min-h-8 text-message flex w-full flex-col items-end gap-2 whitespace-normal break-words [.text-message+&amp;]:mt-5\" dir=\"auto\" data-message-author-role=\"assistant\" data-message-id=\"c9f71371-f75a-4424-8813-f7ee9e178144\" data-message-model-slug=\"gpt-4o\"><div class=\"flex w-full flex-col gap-1 empty:hidden first:pt-[3px]\"><div class=\"markdown prose w-full break-words dark:prose-invert light\"><p>\u00a0<\/p><h3>Trajtimet e L\u00ebkur\u00ebs p\u00ebr Bukuri t\u00eb P\u00ebrhershme<\/h3><\/div><\/div><\/div><\/div><\/div><\/div>\t\t\t\t\t\t<\/div>\n\t\t\t\t<\/div>\n\t\t\t\t\t<\/div>\n\t\t<\/div>\n\t\t\t\t\t<\/div>\n\t\t<\/section>\n\t\t\t\t<section class=\"elementor-section elementor-inner-section elementor-element elementor-element-22b0e42 elementor-section-boxed elementor-section-height-default elementor-section-height-default\" data-id=\"22b0e42\" data-element_type=\"section\">\n\t\t\t\t\t\t<div class=\"elementor-container elementor-column-gap-no\">\n\t\t\t\t\t<div class=\"elementor-column elementor-col-100 elementor-inner-column elementor-element elementor-element-84cd218\" data-id=\"84cd218\" data-element_type=\"column\">\n\t\t\t<div class=\"elementor-widget-wrap elementor-element-populated\">\n\t\t\t\t\t\t<section class=\"elementor-section elementor-inner-section elementor-element elementor-element-a8ad1df elementor-section-boxed elementor-section-height-default elementor-section-height-default\" data-id=\"a8ad1df\" data-element_type=\"section\">\n\t\t\t\t\t\t<div class=\"elementor-container elementor-column-gap-no\">\n\t\t\t\t\t<div class=\"elementor-column elementor-col-33 elementor-inner-column elementor-element elementor-element-554965b\" data-id=\"554965b\" data-element_type=\"column\">\n\t\t\t<div class=\"elementor-widget-wrap elementor-element-populated\">\n\t\t\t\t\t\t<div class=\"elementor-element elementor-element-ecd16eb elementor-widget__width-auto elementor-widget elementor-widget-text-editor\" data-id=\"ecd16eb\" data-element_type=\"widget\" data-widget_type=\"text-editor.default\">\n\t\t\t\t<div class=\"elementor-widget-container\">\n\t\t\t\t\t\t\t<div class=\"col-auto\"><span class=\"about-number\">01<\/span><\/div>\t\t\t\t\t\t<\/div>\n\t\t\t\t<\/div>\n\t\t\t\t<div class=\"elementor-element elementor-element-f342725 elementor-widget__width-auto elementor-widget elementor-widget-text-editor\" data-id=\"f342725\" data-element_type=\"widget\" data-widget_type=\"text-editor.default\">\n\t\t\t\t<div class=\"elementor-widget-container\">\n\t\t\t\t\t\t\t<div class=\"col\"><h4 class=\"fw-medium fs-26 font-body mt-n1 mb-lg-3 pb-lg-1\"><strong>Profhilo p\u00ebr Qaf\u00ebn<\/strong> \ud83c\udf31<\/h4><div class=\"list-style1\"><p>Nj\u00eb trajtim q\u00eb nuk \u00ebsht\u00eb filler, por nj\u00eb biostimulues q\u00eb rikthen volumin dhe freskin\u00eb e humbur n\u00eb zon\u00ebn e qaf\u00ebs. Ky <strong>trajtimi anti-plakje i injektuesh\u00ebm<\/strong>, i pasur me acid hialuronik, jep nj\u00eb efekt lifting natyral dhe efektiv, duke adresuar shenjat e plakjes.<\/p><\/div><\/div>\t\t\t\t\t\t<\/div>\n\t\t\t\t<\/div>\n\t\t\t\t<div class=\"elementor-element elementor-element-9692351 elementor-hidden-tablet elementor-hidden-mobile elementor-widget elementor-widget-wellnezanimationimage\" data-id=\"9692351\" data-element_type=\"widget\" data-widget_type=\"wellnezanimationimage.default\">\n\t\t\t\t<div class=\"elementor-widget-container\">\n\t\t\t<div class=\"shape1 jump shape-mockup d-none d-xl-inline-block\"><img decoding=\"async\" src=\"https:\/\/wordpress.vecurosoft.com\/wellnez\/wp-content\/uploads\/2023\/03\/leaf-1-6.png\" alt=\"leaf 1 6\"  \/><\/div>\t\t<\/div>\n\t\t\t\t<\/div>\n\t\t\t\t\t<\/div>\n\t\t<\/div>\n\t\t\t\t<div class=\"elementor-column elementor-col-33 elementor-inner-column elementor-element elementor-element-d1b2e19\" data-id=\"d1b2e19\" data-element_type=\"column\">\n\t\t\t<div class=\"elementor-widget-wrap elementor-element-populated\">\n\t\t\t\t\t\t<div class=\"elementor-element elementor-element-b5ea022 elementor-widget__width-auto elementor-widget elementor-widget-text-editor\" data-id=\"b5ea022\" data-element_type=\"widget\" data-widget_type=\"text-editor.default\">\n\t\t\t\t<div class=\"elementor-widget-container\">\n\t\t\t\t\t\t\t<div class=\"col-auto\"><span class=\"about-number\">02<\/span><\/div>\t\t\t\t\t\t<\/div>\n\t\t\t\t<\/div>\n\t\t\t\t<div class=\"elementor-element elementor-element-05f1fcc elementor-widget__width-auto elementor-widget elementor-widget-text-editor\" data-id=\"05f1fcc\" data-element_type=\"widget\" data-widget_type=\"text-editor.default\">\n\t\t\t\t<div class=\"elementor-widget-container\">\n\t\t\t\t\t\t\t<div class=\"col\"><h4 class=\"fw-medium fs-26 font-body mt-n1 mb-lg-3 pb-lg-1\">Hydrafacial &amp; Mezoterapi<\/h4><div class=\"list-style1\"><p>Rifreskoni l\u00ebkur\u00ebn tuaj me trajtimet tona <strong>Hydrafacial dhe Mezoterapi<\/strong>, t\u00eb dizajnuara p\u00ebr t\u00eb hidratuar, ndri\u00e7uar dhe rinovuar thell\u00ebsisht l\u00ebkur\u00ebn tuaj. Nga pilingjet e lehta deri te solucione t\u00eb pasura me vitamina, \u00e7do seanc\u00eb ju ofron nj\u00eb shk\u00eblqim t\u00eb menj\u00ebhersh\u00ebm dhe t\u00eb sh\u00ebndetsh\u00ebm.<\/p><\/div><\/div>\t\t\t\t\t\t<\/div>\n\t\t\t\t<\/div>\n\t\t\t\t\t<\/div>\n\t\t<\/div>\n\t\t\t\t<div class=\"elementor-column elementor-col-33 elementor-inner-column elementor-element elementor-element-c9e71a9\" data-id=\"c9e71a9\" data-element_type=\"column\">\n\t\t\t<div class=\"elementor-widget-wrap elementor-element-populated\">\n\t\t\t\t\t\t<div class=\"elementor-element elementor-element-431f5a8 elementor-widget__width-auto elementor-widget elementor-widget-text-editor\" data-id=\"431f5a8\" data-element_type=\"widget\" data-widget_type=\"text-editor.default\">\n\t\t\t\t<div class=\"elementor-widget-container\">\n\t\t\t\t\t\t\t<div class=\"col-auto\"><span class=\"about-number\">03<\/span><\/div>\t\t\t\t\t\t<\/div>\n\t\t\t\t<\/div>\n\t\t\t\t<div class=\"elementor-element elementor-element-938c1c3 elementor-widget__width-auto elementor-widget elementor-widget-text-editor\" data-id=\"938c1c3\" data-element_type=\"widget\" data-widget_type=\"text-editor.default\">\n\t\t\t\t<div class=\"elementor-widget-container\">\n\t\t\t\t\t\t\t<div class=\"col\"><h4 class=\"fw-medium fs-26 font-body mt-n1 mb-lg-3 pb-lg-1\">Dermapen 4 Micro-Needling<\/h4><div class=\"list-style1\"><p>T\u00eb gjith\u00eb e dashurojn\u00eb <strong>Dermapen 4<\/strong> p\u00ebr teknologjin\u00eb e tij t\u00eb avancuar t\u00eb mikro-needling, q\u00eb stimulon prodhimin e kolagjenit, rinovon tekstur\u00ebn e l\u00ebkur\u00ebs dhe redukton pap\u00ebrsosm\u00ebrit\u00eb. Ideal p\u00ebr:<\/p><ul><li>Reduktimin e pigmentimit dhe melazm\u00ebs<\/li><li>Trajtimin e shenjave t\u00eb akneve dhe rrudhave t\u00eb imta<\/li><li>Minimimin e poreve t\u00eb zgjeruara dhe rosaceas<\/li><li>P\u00ebrmir\u00ebsimin e absorbimit t\u00eb produkteve t\u00eb kujdesit t\u00eb l\u00ebkur\u00ebs p\u00ebr rezultate maksimale<\/li><\/ul><p>Me <strong>Dermapen 4<\/strong>, arrini nj\u00eb l\u00ebkur\u00eb m\u00eb t\u00eb but\u00eb, rinore, pa koh\u00eb rikuperimi.<\/p><\/div><\/div>\t\t\t\t\t\t<\/div>\n\t\t\t\t<\/div>\n\t\t\t\t\t<\/div>\n\t\t<\/div>\n\t\t\t\t\t<\/div>\n\t\t<\/section>\n\t\t\t\t\t<\/div>\n\t\t<\/div>\n\t\t\t\t\t<\/div>\n\t\t<\/section>\n\t\t\t\t\t<\/div>\n\t\t<\/div>\n\t\t\t\t\t<\/div>\n\t\t<\/section>\n\t\t\t\t<section class=\"elementor-section elementor-top-section elementor-element elementor-element-c7b84f7 elementor-section-full_width elementor-section-height-default elementor-section-height-default\" data-id=\"c7b84f7\" data-element_type=\"section\">\n\t\t\t\t\t\t\t<div class=\"elementor-background-overlay\"><\/div>\n\t\t\t\t\t\t\t<div class=\"elementor-container elementor-column-gap-no\">\n\t\t\t\t\t<div class=\"elementor-column elementor-col-100 elementor-top-column elementor-element elementor-element-33f17e1\" data-id=\"33f17e1\" data-element_type=\"column\">\n\t\t\t<div class=\"elementor-widget-wrap elementor-element-populated\">\n\t\t\t\t\t\t<div class=\"elementor-element elementor-element-24827da elementor-hidden-tablet elementor-hidden-mobile elementor-widget elementor-widget-wellnezanimationimage\" data-id=\"24827da\" data-element_type=\"widget\" data-widget_type=\"wellnezanimationimage.default\">\n\t\t\t\t<div class=\"elementor-widget-container\">\n\t\t\t<div class=\"shape1 jump-reverse-img shape-mockup d-none d-xl-inline-block\"><img decoding=\"async\" src=\"https:\/\/wordpress.vecurosoft.com\/wellnez\/wp-content\/uploads\/2023\/03\/leaf-1-1.png\" alt=\"leaf 1 1\"  \/><\/div>\t\t<\/div>\n\t\t\t\t<\/div>\n\t\t\t\t<section class=\"elementor-section elementor-inner-section elementor-element elementor-element-32137a4 elementor-section-boxed elementor-section-height-default elementor-section-height-default\" data-id=\"32137a4\" data-element_type=\"section\">\n\t\t\t\t\t\t<div class=\"elementor-container elementor-column-gap-no\">\n\t\t\t\t\t<div class=\"elementor-column elementor-col-100 elementor-inner-column elementor-element elementor-element-5897cc9\" data-id=\"5897cc9\" data-element_type=\"column\">\n\t\t\t<div class=\"elementor-widget-wrap elementor-element-populated\">\n\t\t\t\t\t\t<div class=\"elementor-element elementor-element-0bba28c elementor-widget elementor-widget-wellnezsectiontitle\" data-id=\"0bba28c\" data-element_type=\"widget\" data-widget_type=\"wellnezsectiontitle.default\">\n\t\t\t\t<div class=\"elementor-widget-container\">\n\t\t\t<!-- Section Title --><div class=\"title-area\" ><span class=\"sec-subtitle\">Review<\/span><h2 class=\"sec-title3 title-selector h1\">Kliente te kenaqur<\/h2><\/div><!-- End Section Title -->\t\t<\/div>\n\t\t\t\t<\/div>\n\t\t\t\t\t<\/div>\n\t\t<\/div>\n\t\t\t\t\t<\/div>\n\t\t<\/section>\n\t\t\t\t<section class=\"elementor-section elementor-inner-section elementor-element elementor-element-cce7913 elementor-section-content-bottom elementor-section-boxed elementor-section-height-default elementor-section-height-default\" data-id=\"cce7913\" data-element_type=\"section\">\n\t\t\t\t\t\t<div class=\"elementor-container elementor-column-gap-no\">\n\t\t\t\t\t<div class=\"elementor-column elementor-col-100 elementor-inner-column elementor-element elementor-element-398147f\" data-id=\"398147f\" data-element_type=\"column\">\n\t\t\t<div class=\"elementor-widget-wrap elementor-element-populated\">\n\t\t\t\t\t\t<div class=\"elementor-element elementor-element-e2795a2 elementor-hidden-tablet elementor-hidden-mobile elementor-widget elementor-widget-wellnezanimationimage\" data-id=\"e2795a2\" data-element_type=\"widget\" data-widget_type=\"wellnezanimationimage.default\">\n\t\t\t\t<div class=\"elementor-widget-container\">\n\t\t\t<div class=\"shape1 jump shape-mockup d-none d-xl-inline-block\"><img decoding=\"async\" src=\"https:\/\/wordpress.vecurosoft.com\/wellnez\/wp-content\/uploads\/2023\/03\/leaf-1-8.png\" alt=\"leaf 1 8\"  \/><\/div>\t\t<\/div>\n\t\t\t\t<\/div>\n\t\t\t\t<div class=\"elementor-element elementor-element-70cab55 elementor-widget elementor-widget-wellneztestimonialslider\" data-id=\"70cab55\" data-element_type=\"widget\" data-widget_type=\"wellneztestimonialslider.default\">\n\t\t\t\t<div class=\"elementor-widget-container\">\n\t\t\t\t\t\t\t\t\t<div class=\"testi-style2\">\r\n\t\t\t\t\t\t\t\t\t\t\t<span class=\"vs-icon\">\r\n\t\t\t\t\t\t\t<img decoding=\"async\" src=\"https:\/\/wordpress.vecurosoft.com\/wellnez\/wp-content\/uploads\/2023\/03\/quote-1-1.png\" alt=\"icon\"  \/>\t\t\t\t\t\t<\/span>\r\n\t\t\t\t\t\t\t\t\t\t<div class=\"testimonial-carousel2\" data-slide-to-show=\"1\">\r\n\t\t\t\t\t\t\t\t\t\t\t\t\t<div>\r\n\t\t\t\t\t\t\t\t\t\t\t\t\t\t\t\t\t<p class=\"testi-text\">\r\n\t\t\t\t\t\t\t\t\t\tKam provuar Profhilo p\u00ebr qaf\u00ebn dhe Peeling Kimik dhe ndjehem shum\u00eb e rinovuar. L\u00ebkura \u00ebsht\u00eb shum\u00eb m\u00eb e shtr\u00ebnguar dhe e fresk\u00ebt. Emel Aesthetics ka nj\u00eb staf t\u00eb kujdessh\u00ebm dhe t\u00eb kualifikuar q\u00eb t\u00eb b\u00ebn t\u00eb ndihesh rehat dhe e sigurt gjat\u00eb gjith\u00eb koh\u00ebs. Rezultatet jan\u00eb t\u00eb natyrshme dhe shum\u00eb t\u00eb k\u00ebnaqshme. E gjith\u00eb p\u00ebrvoja ishte fantastike!\t\t\t\t\t\t\t\t\t<\/p>\r\n\t\t\t\t\t\t\t\t\t\t\t\t\t\t\t\t\t\t\t\t\t\t\t\t\t<div class=\"arrow-shape\">\r\n\t\t\t\t\t\t\t\t\t\t<i class=\"arrow\"><\/i>\r\n\t\t\t\t\t\t\t\t\t\t<i class=\"arrow\"><\/i>\r\n\t\t\t\t\t\t\t\t\t\t<i class=\"arrow\"><\/i>\r\n\t\t\t\t\t\t\t\t\t\t<i class=\"arrow\"><\/i>\r\n\t\t\t\t\t\t\t\t\t<\/div>\r\n\t\t\t\t\t\t\t\t\t\t\t\t\t\t\t\t\t\t\t\t\t\t\t\t\t<h3 class=\"testi-name h5\">Valbona T.<\/h3>\r\n\t\t\t\t\t\t\t\t\t\t\t\t\t\t\t\t\t\t\t\t\t\t\t<\/div>\r\n\t\t\t\t\t\t\t\t\t\t\t\t\t<div>\r\n\t\t\t\t\t\t\t\t\t\t\t\t\t\t\t\t\t<p class=\"testi-text\">\r\n\t\t\t\t\t\t\t\t\t\tSh\u00ebrbimet e thonjve n\u00eb Emel Aesthetics jan\u00eb fantastike! Kam b\u00ebr\u00eb thonj me xhel dhe manikyr me tipsa, dhe t\u00eb dy trajtimet jan\u00eb b\u00ebr\u00eb me shum\u00eb kujdes dhe profesionaliz\u00ebm. Thonjt\u00eb q\u00ebndrojn\u00eb t\u00eb bukur p\u00ebr jav\u00eb t\u00eb t\u00ebra dhe nuk d\u00ebmtohen leht\u00eb. Ekipi i Emel Aesthetics e njeh shum\u00eb mir\u00eb pun\u00ebn e tyre dhe sigurohet q\u00eb klient\u00ebt t\u00eb largohen t\u00eb k\u00ebnaqur.\t\t\t\t\t\t\t\t\t<\/p>\r\n\t\t\t\t\t\t\t\t\t\t\t\t\t\t\t\t\t\t\t\t\t\t\t\t\t<div class=\"arrow-shape\">\r\n\t\t\t\t\t\t\t\t\t\t<i class=\"arrow\"><\/i>\r\n\t\t\t\t\t\t\t\t\t\t<i class=\"arrow\"><\/i>\r\n\t\t\t\t\t\t\t\t\t\t<i class=\"arrow\"><\/i>\r\n\t\t\t\t\t\t\t\t\t\t<i class=\"arrow\"><\/i>\r\n\t\t\t\t\t\t\t\t\t<\/div>\r\n\t\t\t\t\t\t\t\t\t\t\t\t\t\t\t\t\t\t\t\t\t\t\t\t\t<h3 class=\"testi-name h5\">Jonida D.<\/h3>\r\n\t\t\t\t\t\t\t\t\t\t\t\t\t\t\t\t\t\t\t\t\t\t\t<\/div>\r\n\t\t\t\t\t\t\t\t\t\t\t\t\t<div>\r\n\t\t\t\t\t\t\t\t\t\t\t\t\t\t\t\t\t<p class=\"testi-text\">\r\n\t\t\t\t\t\t\t\t\t\tTrajtimi me Dermapen ishte gjith\u00e7ka q\u00eb prisja dhe m\u00eb shum\u00eb! Kam pasur probleme me shenjat e akneve dhe linjat e imta, dhe pas disa seancave, l\u00ebkura ime \u00ebsht\u00eb duksh\u00ebm m\u00eb e past\u00ebr dhe m\u00eb e but\u00eb. Kombinimi me Mesoterapi i dha l\u00ebkur\u00ebs sime nj\u00eb shk\u00eblqim t\u00eb ri! N\u00ebse d\u00ebshironi t\u00eb investoni n\u00eb kujdesin e l\u00ebkur\u00ebs, Emel Aesthetics \u00ebsht\u00eb zgjedhja perfekte.\t\t\t\t\t\t\t\t\t<\/p>\r\n\t\t\t\t\t\t\t\t\t\t\t\t\t\t\t\t\t\t\t\t\t\t\t\t\t<div class=\"arrow-shape\">\r\n\t\t\t\t\t\t\t\t\t\t<i class=\"arrow\"><\/i>\r\n\t\t\t\t\t\t\t\t\t\t<i class=\"arrow\"><\/i>\r\n\t\t\t\t\t\t\t\t\t\t<i class=\"arrow\"><\/i>\r\n\t\t\t\t\t\t\t\t\t\t<i class=\"arrow\"><\/i>\r\n\t\t\t\t\t\t\t\t\t<\/div>\r\n\t\t\t\t\t\t\t\t\t\t\t\t\t\t\t\t\t\t\t\t\t\t\t\t\t<h3 class=\"testi-name h5\">Sara M.<\/h3>\r\n\t\t\t\t\t\t\t\t\t\t\t\t\t\t\t\t\t\t\t\t\t\t\t<\/div>\r\n\t\t\t\t\t\t\t\t\t\t\t<\/div>\r\n\t\t\t\t<\/div>\r\n\t\t\t\t\t\t\t<\/div>\n\t\t\t\t<\/div>\n\t\t\t\t\t<\/div>\n\t\t<\/div>\n\t\t\t\t\t<\/div>\n\t\t<\/section>\n\t\t\t\t\t<\/div>\n\t\t<\/div>\n\t\t\t\t\t<\/div>\n\t\t<\/section>\n\t\t\t\t<\/div>\n\t\t","protected":false},"excerpt":{"rendered":"<p>WELCOME Mir\u00eb se vini n\u00eb Emel Aesthetics, ku kombinojm\u00eb teknologjin\u00eb m\u00eb t\u00eb avancuar me ekspertiz\u00ebn e stafit ton\u00eb t\u00eb certifikuar mjek\u00ebsor p\u00ebr t\u2019ju ofruar standardet m\u00eb t\u00eb larta n\u00eb trajtimet e bukuris\u00eb dhe kujdesin e l\u00ebkur\u00ebs. to check our wellnez top rated services Ne jemi t\u00eb p\u00ebrkushtuar t&#8217;ju ofrojm\u00eb sh\u00ebrbim t\u00eb jasht\u00ebzakonsh\u00ebm, duke p\u00ebrdorur inovacionet&#8230;<\/p>\n","protected":false},"author":1,"featured_media":0,"parent":0,"menu_order":0,"comment_status":"closed","ping_status":"closed","template":"template-builder.php","meta":{"footnotes":""},"class_list":["post-93","page","type-page","status-publish","hentry"],"_links":{"self":[{"href":"https:\/\/emelaesthetics.al\/index.php\/wp-json\/wp\/v2\/pages\/93","targetHints":{"allow":["GET"]}}],"collection":[{"href":"https:\/\/emelaesthetics.al\/index.php\/wp-json\/wp\/v2\/pages"}],"about":[{"href":"https:\/\/emelaesthetics.al\/index.php\/wp-json\/wp\/v2\/types\/page"}],"author":[{"embeddable":true,"href":"https:\/\/emelaesthetics.al\/index.php\/wp-json\/wp\/v2\/users\/1"}],"replies":[{"embeddable":true,"href":"https:\/\/emelaesthetics.al\/index.php\/wp-json\/wp\/v2\/comments?post=93"}],"version-history":[{"count":11,"href":"https:\/\/emelaesthetics.al\/index.php\/wp-json\/wp\/v2\/pages\/93\/revisions"}],"predecessor-version":[{"id":5963,"href":"https:\/\/emelaesthetics.al\/index.php\/wp-json\/wp\/v2\/pages\/93\/revisions\/5963"}],"wp:attachment":[{"href":"https:\/\/emelaesthetics.al\/index.php\/wp-json\/wp\/v2\/media?parent=93"}],"curies":[{"name":"wp","href":"https:\/\/api.w.org\/{rel}","templated":true}]}}