{"id":95,"date":"2023-03-16T11:14:53","date_gmt":"2023-03-16T10:14:53","guid":{"rendered":"https:\/\/wordpress.vecurosoft.com\/wellnez\/?page_id=95"},"modified":"2024-10-28T22:39:32","modified_gmt":"2024-10-28T22:39:32","slug":"service","status":"publish","type":"page","link":"https:\/\/emelaesthetics.al\/index.php\/service\/","title":{"rendered":"Sherbimet"},"content":{"rendered":"\t\t<div data-elementor-type=\"wp-page\" data-elementor-id=\"95\" class=\"elementor elementor-95\" data-elementor-post-type=\"page\">\n\t\t\t\t\t\t<section class=\"elementor-section elementor-top-section elementor-element elementor-element-adb7ce8 elementor-section-full_width elementor-section-height-default elementor-section-height-default\" data-id=\"adb7ce8\" data-element_type=\"section\">\n\t\t\t\t\t\t<div class=\"elementor-container elementor-column-gap-no\">\n\t\t\t\t\t<div class=\"elementor-column elementor-col-100 elementor-top-column elementor-element elementor-element-91a4db5\" data-id=\"91a4db5\" data-element_type=\"column\">\n\t\t\t<div class=\"elementor-widget-wrap elementor-element-populated\">\n\t\t\t\t\t\t<section class=\"elementor-section elementor-inner-section elementor-element elementor-element-fb34818 elementor-section-boxed elementor-section-height-default elementor-section-height-default\" data-id=\"fb34818\" data-element_type=\"section\">\n\t\t\t\t\t\t<div class=\"elementor-container elementor-column-gap-no\">\n\t\t\t\t\t<div class=\"elementor-column elementor-col-100 elementor-inner-column elementor-element elementor-element-69da4c0\" data-id=\"69da4c0\" data-element_type=\"column\">\n\t\t\t<div class=\"elementor-widget-wrap elementor-element-populated\">\n\t\t\t\t\t\t<div class=\"elementor-element elementor-element-77d11dc elementor-widget elementor-widget-wellnezsectiontitle\" data-id=\"77d11dc\" data-element_type=\"widget\" data-widget_type=\"wellnezsectiontitle.default\">\n\t\t\t\t<div class=\"elementor-widget-container\">\n\t\t\t<!-- Section Title --><div class=\"title-area\" ><span class=\"sec-subtitle\">SERVICE OF AND FAISON<\/span><h2 class=\"sec-title3 title-selector h1\">Discover Our New Spa\n<\/h2><div class=\"section-title-image\"><img decoding=\"async\" src=\"https:\/\/wordpress.vecurosoft.com\/wellnez\/wp-content\/uploads\/2023\/03\/sec-shape-1.png\" alt=\"sec shape 1\"  \/><\/div><\/div><!-- End Section Title -->\t\t<\/div>\n\t\t\t\t<\/div>\n\t\t\t\t\t<\/div>\n\t\t<\/div>\n\t\t\t\t\t<\/div>\n\t\t<\/section>\n\t\t\t\t<section class=\"elementor-section elementor-inner-section elementor-element elementor-element-7a7ef2c elementor-section-boxed elementor-section-height-default elementor-section-height-default\" data-id=\"7a7ef2c\" data-element_type=\"section\">\n\t\t\t\t\t\t<div class=\"elementor-container elementor-column-gap-no\">\n\t\t\t\t\t<div class=\"elementor-column elementor-col-100 elementor-inner-column elementor-element elementor-element-22dd705\" data-id=\"22dd705\" data-element_type=\"column\">\n\t\t\t<div class=\"elementor-widget-wrap elementor-element-populated\">\n\t\t\t\t\t\t<div class=\"elementor-element elementor-element-1390469 elementor-widget elementor-widget-wellnezservicesection\" data-id=\"1390469\" data-element_type=\"widget\" data-widget_type=\"wellnezservicesection.default\">\n\t\t\t\t<div class=\"elementor-widget-container\">\n\t\t\t\t\t<div class=\"service-inner1\">\r\n\t\t\t\t\t\t\t<div class=\"shape-mockup jump d-none d-xxl-block\" data-top=\"-25%\" data-right=\"-8%\">\r\n\t\t\t\t\t<img decoding=\"async\" src=\"https:\/\/wordpress.vecurosoft.com\/wellnez\/wp-content\/uploads\/2023\/03\/hero-leaf-5.png\" alt=\"shape\"  \/>\t\t\t\t<\/div>\r\n\t\t\t\t\t\t<div class=\"container-xl\">\r\n\t\t\t\t<div class=\"row justify-content-between align-items-center\">\r\n\t\t\t\t\t\t\t\t\t\t\t<div class=\"col-md-6 col-lg-5 col-xxl-auto\">\r\n\t\t\t\t\t\t\t\t\t\t\t\t\t\t\t<div class=\"service-style1 reverse\">\r\n\t\t\t\t\t\t\t\t\t\t\t\t\t\t\t\t\t\t\t<div class=\"vs-icon\">\r\n\t\t\t\t\t\t\t\t\t\t\t<img decoding=\"async\" src=\"https:\/\/wordpress.vecurosoft.com\/wellnez\/wp-content\/uploads\/2023\/03\/sr-i-1-1.png\" alt=\"icon\"  \/>\t\t\t\t\t\t\t\t\t\t<\/div>\r\n\t\t\t\t\t\t\t\t\t\r\n\t\t\t\t\t\t\t\t\t<div class=\"service-content\">\r\n\t\t\t\t\t\t\t\t\t\t\t\t\t\t\t\t\t\t\t\t\t<h3 class=\"service-title\">\r\n\t\t\t\t\t\t\t\t\t\t\t\t<a href=\"\" class=\"text-inherit\">\r\n\t\t\t\t\t\t\t\t\t\t\t\t\tStimulon prodhimin e kolagjenit\t\t\t\t\t\t\t\t\t\t\t\t<\/a>\r\n\t\t\t\t\t\t\t\t\t\t\t<\/h3>\r\n\t\t\t\t\t\t\t\t\t\t\t\t\t\t\t\t\t\t\t\t\t\t\t\t\t\t\t\t\t\t\t<p class=\"service-text\">\r\n\t\t\t\t\t\t\t\t\t\t\t\tMikro-needlingi ndihmon n\u00eb rigjenerimin e l\u00ebkur\u00ebs duke rritur elasticitetin dhe p\u00ebrmir\u00ebsuar struktur\u00ebn e saj.\t\t\t\t\t\t\t\t\t\t\t<\/p>\r\n\t\t\t\t\t\t\t\t\t\t\t\t\t\t\t\t\t\t\t<\/div>\r\n\t\t\t\t\t\t\t\t<\/div>\r\n\t\t\t\t\t\t\t\t\t\t\t\t\t\t\t<div class=\"service-style1 reverse\">\r\n\t\t\t\t\t\t\t\t\t\t\t\t\t\t\t\t\t\t\t<div class=\"vs-icon\">\r\n\t\t\t\t\t\t\t\t\t\t\t<img decoding=\"async\" src=\"https:\/\/wordpress.vecurosoft.com\/wellnez\/wp-content\/uploads\/2023\/03\/sr-i-1-2.png\" alt=\"icon\"  \/>\t\t\t\t\t\t\t\t\t\t<\/div>\r\n\t\t\t\t\t\t\t\t\t\r\n\t\t\t\t\t\t\t\t\t<div class=\"service-content\">\r\n\t\t\t\t\t\t\t\t\t\t\t\t\t\t\t\t\t\t\t\t\t<h3 class=\"service-title\">\r\n\t\t\t\t\t\t\t\t\t\t\t\t<a href=\"\" class=\"text-inherit\">\r\n\t\t\t\t\t\t\t\t\t\t\t\t\tRedukton shenjat e akneve\t\t\t\t\t\t\t\t\t\t\t\t<\/a>\r\n\t\t\t\t\t\t\t\t\t\t\t<\/h3>\r\n\t\t\t\t\t\t\t\t\t\t\t\t\t\t\t\t\t\t\t\t\t\t\t\t\t\t\t\t\t\t\t<p class=\"service-text\">\r\n\t\t\t\t\t\t\t\t\t\t\t\tP\u00ebrmir\u00ebson duksh\u00ebm pamjen e shenjave dhe njollave t\u00eb mbetura nga aknet.\t\t\t\t\t\t\t\t\t\t\t<\/p>\r\n\t\t\t\t\t\t\t\t\t\t\t\t\t\t\t\t\t\t\t<\/div>\r\n\t\t\t\t\t\t\t\t<\/div>\r\n\t\t\t\t\t\t\t\t\t\t\t\t\t\t\t<div class=\"service-style1 reverse\">\r\n\t\t\t\t\t\t\t\t\t\t\t\t\t\t\t\t\t\t\t<div class=\"vs-icon\">\r\n\t\t\t\t\t\t\t\t\t\t\t<img decoding=\"async\" src=\"https:\/\/wordpress.vecurosoft.com\/wellnez\/wp-content\/uploads\/2023\/03\/sr-i-1-3.png\" alt=\"icon\"  \/>\t\t\t\t\t\t\t\t\t\t<\/div>\r\n\t\t\t\t\t\t\t\t\t\r\n\t\t\t\t\t\t\t\t\t<div class=\"service-content\">\r\n\t\t\t\t\t\t\t\t\t\t\t\t\t\t\t\t\t\t\t\t\t<h3 class=\"service-title\">\r\n\t\t\t\t\t\t\t\t\t\t\t\t<a href=\"\" class=\"text-inherit\">\r\n\t\t\t\t\t\t\t\t\t\t\t\t\tMinimizon linjat e imta dhe rrudhat\t\t\t\t\t\t\t\t\t\t\t\t<\/a>\r\n\t\t\t\t\t\t\t\t\t\t\t<\/h3>\r\n\t\t\t\t\t\t\t\t\t\t\t\t\t\t\t\t\t\t\t\t\t\t\t\t\t\t\t\t\t\t\t<p class=\"service-text\">\r\n\t\t\t\t\t\t\t\t\t\t\t\tNdihmon n\u00eb zbutjen e linjave t\u00eb imta dhe parandalimin e rrudhave.\t\t\t\t\t\t\t\t\t\t\t<\/p>\r\n\t\t\t\t\t\t\t\t\t\t\t\t\t\t\t\t\t\t\t<\/div>\r\n\t\t\t\t\t\t\t\t<\/div>\r\n\t\t\t\t\t\t\t\t\t\t\t\t\t<\/div>\r\n\t\t\t\t\t\t\t\t\t\t\t\t\t\t\t\t<div class=\"col col-xxl-auto text-center d-none d-lg-block\">\r\n\t\t\t\t\t\t\t<img decoding=\"async\" src=\"https:\/\/emelaesthetics.al\/wp-content\/uploads\/2024\/10\/Untitled-design.png\" alt=\"shape\"  class=\"mt-n4\" \/>\t\t\t\t\t\t<\/div>\r\n\t\t\t\t\t\t\t\t\t\t\t\t\t\t\t\t<div class=\"col-md-6 col-lg-5 col-xxl-auto\">\r\n\t\t\t\t\t\t\t\t\t\t\t\t\t\t\t<div class=\"service-style1\">\r\n\t\t\t\t\t\t\t\t\t\t\t\t\t\t\t\t\t\t\t<div class=\"vs-icon\">\r\n\t\t\t\t\t\t\t\t\t\t\t<img decoding=\"async\" src=\"https:\/\/wordpress.vecurosoft.com\/wellnez\/wp-content\/uploads\/2023\/03\/sr-i-1-4.png\" alt=\"icon\"  \/>\t\t\t\t\t\t\t\t\t\t<\/div>\r\n\t\t\t\t\t\t\t\t\t\t\t\t\t\t\t\t\t\t<div class=\"service-content\">\r\n\t\t\t\t\t\t\t\t\t\t\t\t\t\t\t\t\t\t\t\t\t<h3 class=\"service-title\">\r\n\t\t\t\t\t\t\t\t\t\t\t\t<a href=\"\" class=\"text-inherit\">\r\n\t\t\t\t\t\t\t\t\t\t\t\t\tP\u00ebrmir\u00ebson pigmentimin dhe zbut njollat\t\t\t\t\t\t\t\t\t\t\t\t<\/a>\r\n\t\t\t\t\t\t\t\t\t\t\t<\/h3>\r\n\t\t\t\t\t\t\t\t\t\t\t\t\t\t\t\t\t\t\t\t\t\t\t\t\t\t\t\t\t\t\t<p class=\"service-text\">\r\n\t\t\t\t\t\t\t\t\t\t\t\tTrajton pigmentimin e l\u00ebkur\u00ebs, melazm\u00ebn dhe zbut njollat e err\u00ebta.\t\t\t\t\t\t\t\t\t\t\t<\/p>\r\n\t\t\t\t\t\t\t\t\t\t\t\t\t\t\t\t\t\t\t<\/div>\r\n\t\t\t\t\t\t\t\t<\/div>\r\n\t\t\t\t\t\t\t\t\t\t\t\t\t\t\t<div class=\"service-style1\">\r\n\t\t\t\t\t\t\t\t\t\t\t\t\t\t\t\t\t\t\t<div class=\"vs-icon\">\r\n\t\t\t\t\t\t\t\t\t\t\t<img decoding=\"async\" src=\"https:\/\/wordpress.vecurosoft.com\/wellnez\/wp-content\/uploads\/2023\/03\/sr-i-1-5.png\" alt=\"icon\"  \/>\t\t\t\t\t\t\t\t\t\t<\/div>\r\n\t\t\t\t\t\t\t\t\t\t\t\t\t\t\t\t\t\t<div class=\"service-content\">\r\n\t\t\t\t\t\t\t\t\t\t\t\t\t\t\t\t\t\t\t\t\t<h3 class=\"service-title\">\r\n\t\t\t\t\t\t\t\t\t\t\t\t<a href=\"\" class=\"text-inherit\">\r\n\t\t\t\t\t\t\t\t\t\t\t\t\tRrit absorbimin e produkteve t\u00eb l\u00ebkur\u00ebs\t\t\t\t\t\t\t\t\t\t\t\t<\/a>\r\n\t\t\t\t\t\t\t\t\t\t\t<\/h3>\r\n\t\t\t\t\t\t\t\t\t\t\t\t\t\t\t\t\t\t\t\t\t\t\t\t\t\t\t\t\t\t\t<p class=\"service-text\">\r\n\t\t\t\t\t\t\t\t\t\t\t\tHap mikro-kanale q\u00eb ndihmojn\u00eb n\u00eb absorbimin m\u00eb t\u00eb thell\u00eb t\u00eb serumeve dhe kremrave.\t\t\t\t\t\t\t\t\t\t\t<\/p>\r\n\t\t\t\t\t\t\t\t\t\t\t\t\t\t\t\t\t\t\t<\/div>\r\n\t\t\t\t\t\t\t\t<\/div>\r\n\t\t\t\t\t\t\t\t\t\t\t\t\t\t\t<div class=\"service-style1\">\r\n\t\t\t\t\t\t\t\t\t\t\t\t\t\t\t\t\t\t\t<div class=\"vs-icon\">\r\n\t\t\t\t\t\t\t\t\t\t\t<img decoding=\"async\" src=\"https:\/\/wordpress.vecurosoft.com\/wellnez\/wp-content\/uploads\/2023\/03\/sr-i-1-6.png\" alt=\"icon\"  \/>\t\t\t\t\t\t\t\t\t\t<\/div>\r\n\t\t\t\t\t\t\t\t\t\t\t\t\t\t\t\t\t\t<div class=\"service-content\">\r\n\t\t\t\t\t\t\t\t\t\t\t\t\t\t\t\t\t\t\t\t\t<h3 class=\"service-title\">\r\n\t\t\t\t\t\t\t\t\t\t\t\t<a href=\"\" class=\"text-inherit\">\r\n\t\t\t\t\t\t\t\t\t\t\t\t\tMinimizon madh\u00ebsin\u00eb e poreve\t\t\t\t\t\t\t\t\t\t\t\t<\/a>\r\n\t\t\t\t\t\t\t\t\t\t\t<\/h3>\r\n\t\t\t\t\t\t\t\t\t\t\t\t\t\t\t\t\t\t\t\t\t\t\t\t\t\t\t\t\t\t\t<p class=\"service-text\">\r\n\t\t\t\t\t\t\t\t\t\t\t\tNdihmon n\u00eb tkurrjen e poreve t\u00eb zgjeruara, duke dh\u00ebn\u00eb nj\u00eb pamje m\u00eb t\u00eb nj\u00ebtrajtshme t\u00eb l\u00ebkur\u00ebs.\t\t\t\t\t\t\t\t\t\t\t<\/p>\r\n\t\t\t\t\t\t\t\t\t\t\t\t\t\t\t\t\t\t\t<\/div>\r\n\t\t\t\t\t\t\t\t<\/div>\r\n\t\t\t\t\t\t\t\t\t\t\t\t\t<\/div>\r\n\t\t\t\t\t\t\t\t\t<\/div>\r\n\t\t\t<\/div>\r\n\t\t<\/div>\r\n\t\t\t\t<\/div>\n\t\t\t\t<\/div>\n\t\t\t\t\t<\/div>\n\t\t<\/div>\n\t\t\t\t\t<\/div>\n\t\t<\/section>\n\t\t\t\t\t<\/div>\n\t\t<\/div>\n\t\t\t\t\t<\/div>\n\t\t<\/section>\n\t\t\t\t<section class=\"elementor-section elementor-top-section elementor-element elementor-element-dafbe56 elementor-section-full_width elementor-section-height-default elementor-section-height-default\" data-id=\"dafbe56\" data-element_type=\"section\">\n\t\t\t\t\t\t\t<div class=\"elementor-background-overlay\"><\/div>\n\t\t\t\t\t\t\t<div class=\"elementor-container elementor-column-gap-no\">\n\t\t\t\t\t<div class=\"elementor-column elementor-col-100 elementor-top-column elementor-element elementor-element-33c57db\" data-id=\"33c57db\" data-element_type=\"column\">\n\t\t\t<div class=\"elementor-widget-wrap elementor-element-populated\">\n\t\t\t\t\t\t<section class=\"elementor-section elementor-inner-section elementor-element elementor-element-ec140c0 elementor-section-boxed elementor-section-height-default elementor-section-height-default\" data-id=\"ec140c0\" data-element_type=\"section\">\n\t\t\t\t\t\t<div class=\"elementor-container elementor-column-gap-no\">\n\t\t\t\t\t<div class=\"elementor-column elementor-col-100 elementor-inner-column elementor-element elementor-element-228b19f\" data-id=\"228b19f\" data-element_type=\"column\">\n\t\t\t<div class=\"elementor-widget-wrap elementor-element-populated\">\n\t\t\t\t\t\t<div class=\"elementor-element elementor-element-7e02248 elementor-widget elementor-widget-text-editor\" data-id=\"7e02248\" data-element_type=\"widget\" data-widget_type=\"text-editor.default\">\n\t\t\t\t<div class=\"elementor-widget-container\">\n\t\t\t\t\t\t\t<h2 class=\"text-white sec-title\">Paketat tona<\/h2>\t\t\t\t\t\t<\/div>\n\t\t\t\t<\/div>\n\t\t\t\t\t<\/div>\n\t\t<\/div>\n\t\t\t\t\t<\/div>\n\t\t<\/section>\n\t\t\t\t<section class=\"elementor-section elementor-inner-section elementor-element elementor-element-9d6137f elementor-section-content-bottom elementor-section-boxed elementor-section-height-default elementor-section-height-default\" data-id=\"9d6137f\" data-element_type=\"section\">\n\t\t\t\t\t\t<div class=\"elementor-container elementor-column-gap-no\">\n\t\t\t\t\t<div class=\"elementor-column elementor-col-33 elementor-inner-column elementor-element elementor-element-e690be0\" data-id=\"e690be0\" data-element_type=\"column\">\n\t\t\t<div class=\"elementor-widget-wrap elementor-element-populated\">\n\t\t\t\t\t\t<div class=\"elementor-element elementor-element-99c48bc elementor-widget elementor-widget-wellnezpricingbox\" data-id=\"99c48bc\" data-element_type=\"widget\" data-widget_type=\"wellnezpricingbox.default\">\n\t\t\t\t<div class=\"elementor-widget-container\">\n\t\t\t\t\t<div class=\"package-style1\">\r\n\t\t\t<div class=\"package-top\">\r\n\t\t\t\t<div class=\"package-left\">\r\n\t\t\t\t\t\t\t\t\t\t\t<p class=\"package-price\">\r\n\t\t\t\t\t\t\t130<span class=\"currency\">\u20ac\t\t\t\t\t\t\t<\/span>\r\n\t\t\t\t\t\t<\/p>\r\n\t\t\t\t\t\t\t\t\t\t\t\t\t\t\t\t<p class=\"package-duration\">\r\n\t\t\t\t\t\t\tSEANCA\t\t\t\t\t\t<\/p>\r\n\t\t\t\t\t\t\t\t\t<\/div>\r\n\t\t\t\t\t\t\t\t\t<h3 class=\"package-name\">\r\n\t\t\t\t\t\tMINI TOTAL BODY\t\t\t\t\t<\/h3>\r\n\t\t\t\t\t\t\t<\/div>\r\n\r\n\t\t\t\t\t\t\t<div class=\"package-shape\">\r\n\t\t\t\t\t<img decoding=\"async\" src=\"https:\/\/wordpress.vecurosoft.com\/wellnez\/wp-content\/uploads\/2023\/03\/price-shape-2.png\" alt=\"shape\"  \/>\t\t\t\t<\/div>\r\n\t\t\t\r\n\t\t\t<div class=\"package-list\">\r\n\t\t\t\t<ul class=\"list-unstyled\">\r\n\t\t\t\t\t<ul><li>Kembe Total<\/li><li>Krahe Total<\/li><li>Bikini<\/li><li>Sqetulla<\/li><li>Shirit Barku<\/li><li>Mustaqe<\/li><\/ul>\t\t\t\t<\/ul>\r\n\t\t\t<\/div>\r\n\r\n\t\t\t\t\t\t\t<div class=\"package-btn\">\r\n\t\t\t\t\t<a href=\"https:\/\/wa.me\/355\ud835\udfd4\ud835\udfd7\ud835\udfd3\ud835\udfd4\ud835\udfcf\ud835\udfd3\ud835\udfd6\ud835\udfd4\ud835\udfd2\" rel=\"nofollow\" target=\"_blank\" class=\"vs-btn style3\">\r\n\t\t\t\t\t\tNa konaktoni Whatsapp\t\t\t\t\t<\/a>\r\n\t\t\t\t<\/div>\r\n\t\t\t\t\t<\/div>\r\n\t\t\t\t<\/div>\n\t\t\t\t<\/div>\n\t\t\t\t\t<\/div>\n\t\t<\/div>\n\t\t\t\t<div class=\"elementor-column elementor-col-33 elementor-inner-column elementor-element elementor-element-11bae8d\" data-id=\"11bae8d\" data-element_type=\"column\">\n\t\t\t<div class=\"elementor-widget-wrap elementor-element-populated\">\n\t\t\t\t\t\t<div class=\"elementor-element elementor-element-52a0018 elementor-widget elementor-widget-wellnezpricingbox\" data-id=\"52a0018\" data-element_type=\"widget\" data-widget_type=\"wellnezpricingbox.default\">\n\t\t\t\t<div class=\"elementor-widget-container\">\n\t\t\t\t\t<div class=\"package-style1\">\r\n\t\t\t<div class=\"package-top\">\r\n\t\t\t\t<div class=\"package-left\">\r\n\t\t\t\t\t\t\t\t\t\t\t<p class=\"package-price\">\r\n\t\t\t\t\t\t\t777<span class=\"currency\">\u20ac\t\t\t\t\t\t\t<\/span>\r\n\t\t\t\t\t\t<\/p>\r\n\t\t\t\t\t\t\t\t\t\t\t\t\t\t\t\t<p class=\"package-duration\">\r\n\t\t\t\t\t\t\t1 VIT\t\t\t\t\t\t<\/p>\r\n\t\t\t\t\t\t\t\t\t<\/div>\r\n\t\t\t\t\t\t\t\t\t<h3 class=\"package-name\">\r\n\t\t\t\t\t\tLASER PA LIMIT\t\t\t\t\t<\/h3>\r\n\t\t\t\t\t\t\t<\/div>\r\n\r\n\t\t\t\t\t\t\t<div class=\"package-shape\">\r\n\t\t\t\t\t<img decoding=\"async\" src=\"https:\/\/wordpress.vecurosoft.com\/wellnez\/wp-content\/uploads\/2023\/03\/price-shape-2.png\" alt=\"shape\"  \/>\t\t\t\t<\/div>\r\n\t\t\t\r\n\t\t\t<div class=\"package-list\">\r\n\t\t\t\t<ul class=\"list-unstyled\">\r\n\t\t\t\t\t<p>Nese po kerkoni nj\u00eb paket\u00eb p\u00ebr seancat e epilimit me laser ju sjellim ;<br \/>SUPER OFERT\u00cbN \ud83d\udd25LASER PA LIMIT P\u00cbR NJ\u00cb VIT \ud83d\udd25<br \/>me teknologjin\u00eb m\u00eb t\u00eb fundit t\u00eb 2023-2024 (pa xhel)<br \/><br \/>E vlefshme vet\u00ebm p\u00ebr parapagimet cash!<\/p>\t\t\t\t<\/ul>\r\n\t\t\t<\/div>\r\n\r\n\t\t\t\t\t\t\t<div class=\"package-btn\">\r\n\t\t\t\t\t<a href=\"https:\/\/wa.me\/355\ud835\udfd4\ud835\udfd7\ud835\udfd3\ud835\udfd4\ud835\udfcf\ud835\udfd3\ud835\udfd6\ud835\udfd4\ud835\udfd2\" rel=\"nofollow\" target=\"_blank\" class=\"vs-btn style3\">\r\n\t\t\t\t\t\tNa konaktoni Whatsapp\t\t\t\t\t<\/a>\r\n\t\t\t\t<\/div>\r\n\t\t\t\t\t<\/div>\r\n\t\t\t\t<\/div>\n\t\t\t\t<\/div>\n\t\t\t\t\t<\/div>\n\t\t<\/div>\n\t\t\t\t<div class=\"elementor-column elementor-col-33 elementor-inner-column elementor-element elementor-element-ca11ab4\" data-id=\"ca11ab4\" data-element_type=\"column\">\n\t\t\t<div class=\"elementor-widget-wrap elementor-element-populated\">\n\t\t\t\t\t\t<div class=\"elementor-element elementor-element-3124ef0 elementor-widget elementor-widget-wellnezimagecard\" data-id=\"3124ef0\" data-element_type=\"widget\" data-widget_type=\"wellnezimagecard.default\">\n\t\t\t\t<div class=\"elementor-widget-container\">\n\t\t\t\t\t\t\t\t\t<div class=\"img-box3 style2\">\r\n\t\t\t\t\t<div class=\"shape-line\">\r\n\t\t\t\t\t\t<svg viewBox=\"0 0 442 357\">\r\n\t\t\t\t\t\t\t<path class=\"shape-line\" d=\"M220.6 3C339.98 3 437.1 100.12 437.1 219.5V351.99H440.1V219.5C440.1 160.87 417.27 105.75 375.81 64.29C334.35 22.83 279.23 0 220.6 0C161.97 0 106.85 22.83 65.39 64.29C28.67 101.01 6.57 148.46 2 199.56H5.02C15.12 89.5 107.94 3 220.6 3Z\"><\/path>\r\n\t\t\t\t\t\t\t<path class=\"shape-dot\" d=\"M7 198.5C7 200.433 5.433 202 3.5 202C1.567 202 0 200.433 0 198.5C0 196.567 1.567 195 3.5 195C5.433 195 7 196.567 7 198.5Z\"><\/path>\r\n\t\t\t\t\t\t\t<path class=\"shape-dot\" d=\"M442 353.5C442 355.433 440.433 357 438.5 357C436.567 357 435 355.433 435 353.5C435 351.567 436.567 350 438.5 350C440.433 350 442 351.567 442 353.5Z\"><\/path>\r\n\t\t\t\t\t\t<\/svg>\r\n\t\t\t\t\t<\/div>\r\n\r\n\t\t\t\t\t\t\t\t\t\t\t<div class=\"text-shape\">\r\n\t\t\t\t\t\t\t<svg viewBox=\"0 0 408 579\">\r\n\t\t\t\t\t\t\t\t<path id=\"iamgebox-shape2\" d=\"M0 204C0 91.3339 91.3339 0 204 0V0C316.666 0 408 91.3339 408 204V316.879V375C408 487.666 316.666 579 204 579V579C91.3339 579 0 487.666 0 375V204Z\">\r\n\t\t\t\t\t\t\t\t<\/path>\r\n\t\t\t\t\t\t\t\t<text>\r\n\t\t\t\t\t\t\t\t\t<textPath href=\"#iamgebox-shape2\" startOffset=\"810\">\r\n\t\t\t\t\t\t\t\t\t\tKlinika Estetike Emel\t\t\t\t\t\t\t\t\t<\/textPath>\r\n\t\t\t\t\t\t\t\t<\/text>\r\n\t\t\t\t\t\t\t<\/svg>\r\n\t\t\t\t\t\t<\/div>\r\n\t\t\t\t\t\r\n\t\t\t\t\t\t\t\t\t\t\t<div class=\"img-product\">\r\n\t\t\t\t\t\t\t<a href=\"\">\r\n\t\t\t\t\t\t\t\t<img decoding=\"async\" src=\"https:\/\/emelaesthetics.al\/wp-content\/uploads\/2024\/10\/426179134_2157867957881456_1373967787460654321_n-removebg-preview.png\" alt=\"about\"  \/>\t\t\t\t\t\t\t<\/a>\r\n\t\t\t\t\t\t\t\r\n\t\t\t\t\t\t\t\t\t\t\t\t\t<\/div>\r\n\t\t\t\t\t\t\t\t\t<\/div>\r\n\t\t\t\t\t\t\t<\/div>\n\t\t\t\t<\/div>\n\t\t\t\t\t<\/div>\n\t\t<\/div>\n\t\t\t\t\t<\/div>\n\t\t<\/section>\n\t\t\t\t\t<\/div>\n\t\t<\/div>\n\t\t\t\t\t<\/div>\n\t\t<\/section>\n\t\t\t\t<\/div>\n\t\t","protected":false},"excerpt":{"rendered":"<p>SERVICE OF AND FAISON Discover Our New Spa Stimulon prodhimin e kolagjenit Mikro-needlingi ndihmon n\u00eb rigjenerimin e l\u00ebkur\u00ebs duke rritur elasticitetin dhe p\u00ebrmir\u00ebsuar struktur\u00ebn e saj. Redukton shenjat e akneve P\u00ebrmir\u00ebson duksh\u00ebm pamjen e shenjave dhe njollave t\u00eb mbetura nga aknet. Minimizon linjat e imta dhe rrudhat Ndihmon n\u00eb zbutjen e linjave t\u00eb imta dhe&#8230;<\/p>\n","protected":false},"author":1,"featured_media":0,"parent":0,"menu_order":0,"comment_status":"closed","ping_status":"closed","template":"template-builder.php","meta":{"footnotes":""},"class_list":["post-95","page","type-page","status-publish","hentry"],"_links":{"self":[{"href":"https:\/\/emelaesthetics.al\/index.php\/wp-json\/wp\/v2\/pages\/95","targetHints":{"allow":["GET"]}}],"collection":[{"href":"https:\/\/emelaesthetics.al\/index.php\/wp-json\/wp\/v2\/pages"}],"about":[{"href":"https:\/\/emelaesthetics.al\/index.php\/wp-json\/wp\/v2\/types\/page"}],"author":[{"embeddable":true,"href":"https:\/\/emelaesthetics.al\/index.php\/wp-json\/wp\/v2\/users\/1"}],"replies":[{"embeddable":true,"href":"https:\/\/emelaesthetics.al\/index.php\/wp-json\/wp\/v2\/comments?post=95"}],"version-history":[{"count":11,"href":"https:\/\/emelaesthetics.al\/index.php\/wp-json\/wp\/v2\/pages\/95\/revisions"}],"predecessor-version":[{"id":5990,"href":"https:\/\/emelaesthetics.al\/index.php\/wp-json\/wp\/v2\/pages\/95\/revisions\/5990"}],"wp:attachment":[{"href":"https:\/\/emelaesthetics.al\/index.php\/wp-json\/wp\/v2\/media?parent=95"}],"curies":[{"name":"wp","href":"https:\/\/api.w.org\/{rel}","templated":true}]}}